{"id":505,"date":"2021-07-07T15:39:31","date_gmt":"2021-07-07T15:39:31","guid":{"rendered":"https:\/\/connectingwords.de\/?page_id=505"},"modified":"2023-09-04T12:28:41","modified_gmt":"2023-09-04T12:28:41","slug":"references","status":"publish","type":"page","link":"https:\/\/englisch-uebersetzer.com\/en\/references\/","title":{"rendered":"References"},"content":{"rendered":"\n<p><strong>Satisfied customers<\/strong> are my<strong> top priority<\/strong>. Your satisfaction keeps me motivated.<\/p>\n\n\n\n<p>Here are some examples of satisfied customer comments.&nbsp;&nbsp;<\/p>\n\n\n\n<p>You are always welcome to enter your comments in my Google account : <a href=\"https:\/\/goo.gl\/maps\/NpFd2aeEDecHdLcJ6\"><strong>here<\/strong><\/a><\/p>\n\n\n\n<p>You can see more client references on my <a href=\"https:\/\/goo.gl\/maps\/6bnevC9J9uuxcNo58\">Google profile<\/a>. They speak clearly for themselves!<\/p>\n\n\n<div class=\"n2-section-smartslider fitvidsignore  n2_clear\" data-ssid=\"3\"><div id=\"n2-ss-3-align\" class=\"n2-ss-align\"><div class=\"n2-padding\"><div id=\"n2-ss-3\" data-creator=\"Smart Slider 3\" data-responsive=\"auto\" class=\"n2-ss-slider n2-ow n2-has-hover n2notransition  \">\n\n\n\n\n\n\n\n<div class=\"n2-ss-slider-wrapper-inside\">\n        <div class=\"n2-ss-slider-1 n2_ss__touch_element n2-ow\">\n            <div class=\"n2-ss-slider-2 n2-ow\">\n                                                <div class=\"n2-ss-slider-3 n2-ow\">\n\n                    <div class=\"n2-ss-slide-backgrounds n2-ow-all\"><div class=\"n2-ss-slide-background\" data-public-id=\"1\" data-mode=\"fill\"><div data-color=\"RGBA(255,255,255,0)\" style=\"background-color: RGBA(255,255,255,0);\" class=\"n2-ss-slide-background-color\"><\/div><\/div><div class=\"n2-ss-slide-background\" data-public-id=\"2\" data-mode=\"fill\" aria-hidden=\"true\"><div data-color=\"RGBA(255,255,255,0)\" style=\"background-color: RGBA(255,255,255,0);\" class=\"n2-ss-slide-background-color\"><\/div><\/div><div class=\"n2-ss-slide-background\" data-public-id=\"3\" data-mode=\"fill\" aria-hidden=\"true\"><div data-color=\"RGBA(255,255,255,0)\" style=\"background-color: RGBA(255,255,255,0);\" class=\"n2-ss-slide-background-color\"><\/div><\/div><div class=\"n2-ss-slide-background\" data-public-id=\"4\" data-mode=\"fill\" aria-hidden=\"true\"><div data-color=\"RGBA(255,255,255,0)\" style=\"background-color: RGBA(255,255,255,0);\" class=\"n2-ss-slide-background-color\"><\/div><\/div><\/div>                    <div class=\"n2-ss-slider-4 n2-ow\">\n                        <svg xmlns=\"http:\/\/www.w3.org\/2000\/svg\" viewBox=\"0 0 900 400\" data-related-device=\"desktopPortrait\" class=\"n2-ow n2-ss-preserve-size n2-ss-preserve-size--slider n2-ss-slide-limiter\"><\/svg><div data-first=\"1\" data-slide-duration=\"0\" data-id=\"4\" data-slide-public-id=\"1\" data-title=\"Slide\" class=\"n2-ss-slide n2-ow  n2-ss-slide-4\"><div role=\"note\" class=\"n2-ss-slide--focus\" tabindex=\"-1\">Slide<\/div><div class=\"n2-ss-layers-container n2-ss-slide-limiter n2-ow\"><div class=\"n2-ss-layer n2-ow n-uc-C7HWjjXiIShd\" data-sstype=\"slide\" data-pm=\"default\"><div class=\"n2-ss-layer n2-ow n-uc-n8R5do3PQBB4\" data-pm=\"default\" data-sstype=\"content\" data-hasbackground=\"0\"><div class=\"n2-ss-section-main-content n2-ss-layer-with-background n2-ss-layer-content n2-ow n-uc-n8R5do3PQBB4-inner\"><div class=\"n2-ss-layer n2-ow n2-ss-layer--block n2-ss-has-self-align n-uc-r39VHoWckxWl\" data-pm=\"normal\" data-sstype=\"row\"><div class=\"n2-ss-layer-row n2-ss-layer-with-background n-uc-r39VHoWckxWl-inner\"><div class=\"n2-ss-layer-row-inner \"><div class=\"n2-ss-layer n2-ow n-uc-BRQ0PMkBSvS2\" data-pm=\"default\" data-sstype=\"col\"><div class=\"n2-ss-layer-col n2-ss-layer-with-background n2-ss-layer-content n-uc-BRQ0PMkBSvS2-inner\"><div class=\"n2-ss-layer n2-ow n-uc-3r7t6hxcj2T4\" data-pm=\"normal\" data-sstype=\"layer\"><div class=\"n2-ss-item-content n2-ss-text n2-ow-all\"><div class=\"\"><p class=\"n2-font-823d304d97fef22084d18f3dc7bd8998-paragraph   \">It was a pleasure to work with Oya Birel! The translation was done very professionally and on time. Thank you for your support!<\/p>\n<\/div><\/div><\/div><div class=\"n2-ss-layer n2-ow n-uc-RjQ3bxF4Axop\" data-pm=\"normal\" data-sstype=\"layer\"><div id=\"n2-ss-3item2\" class=\"n2-font-58a65956e5237054bde87a851648a3d0-hover   n2-ss-item-content n2-ss-text n2-ow\" style=\"display:block;\">Denis Khomyakov<\/div><\/div><div class=\"n2-ss-layer n2-ow n-uc-jSxOwUjIoJP9\" data-pm=\"normal\" data-sstype=\"layer\"><div id=\"n2-ss-3item3\" class=\"n2-font-3a2ae23f558c3f5a6bfba7620b83d8d6-hover   n2-ss-item-content n2-ss-text n2-ow\" style=\"display:block;\">&#8211;<\/div><\/div><\/div><\/div><\/div><\/div><\/div><\/div><\/div><\/div><\/div><\/div><div data-slide-duration=\"0\" data-id=\"5\" data-slide-public-id=\"2\" aria-hidden=\"true\" data-title=\"Slide\" class=\"n2-ss-slide n2-ow  n2-ss-slide-5\"><div role=\"note\" class=\"n2-ss-slide--focus\" tabindex=\"-1\">Slide<\/div><div class=\"n2-ss-layers-container n2-ss-slide-limiter n2-ow\"><div class=\"n2-ss-layer n2-ow n-uc-ewaii1Y0tNdm\" data-sstype=\"slide\" data-pm=\"default\"><div class=\"n2-ss-layer n2-ow n-uc-GdYnm6fHAD27\" data-pm=\"default\" data-sstype=\"content\" data-hasbackground=\"0\"><div class=\"n2-ss-section-main-content n2-ss-layer-with-background n2-ss-layer-content n2-ow n-uc-GdYnm6fHAD27-inner\"><div class=\"n2-ss-layer n2-ow n2-ss-layer--block n2-ss-has-self-align n-uc-CKO2ecaJZ5k9\" data-pm=\"normal\" data-sstype=\"row\"><div class=\"n2-ss-layer-row n2-ss-layer-with-background n-uc-CKO2ecaJZ5k9-inner\"><div class=\"n2-ss-layer-row-inner \"><div class=\"n2-ss-layer n2-ow n-uc-H4V6vEkFhCeE\" data-pm=\"default\" data-sstype=\"col\"><div class=\"n2-ss-layer-col n2-ss-layer-with-background n2-ss-layer-content n-uc-H4V6vEkFhCeE-inner\"><div class=\"n2-ss-layer n2-ow n-uc-VcAyPXtzp5ih\" data-pm=\"normal\" data-sstype=\"layer\"><div class=\"n2-ss-item-content n2-ss-text n2-ow-all\"><div class=\"\"><p class=\"n2-font-823d304d97fef22084d18f3dc7bd8998-paragraph   \">Sehr freundlicher und schneller Service. Als Kunde habe ich mich immer gut beraten gef\u00fchlt und es wurde immer mit Sorgfalt gearbeitet.<br \/>\nVielen Dank f\u00fcr meine \u00dcbersetzungen!<\/p>\n<\/div><\/div><\/div><div class=\"n2-ss-layer n2-ow n-uc-65Gx1i58wd7w\" data-pm=\"normal\" data-sstype=\"layer\"><div id=\"n2-ss-3item5\" class=\"n2-font-58a65956e5237054bde87a851648a3d0-hover   n2-ss-item-content n2-ss-text n2-ow\" style=\"display:block;\">Viktoria Sutherland<\/div><\/div><div class=\"n2-ss-layer n2-ow n-uc-Daz6o4hHRJut\" data-pm=\"normal\" data-sstype=\"layer\"><div id=\"n2-ss-3item6\" class=\"n2-font-3a2ae23f558c3f5a6bfba7620b83d8d6-hover   n2-ss-item-content n2-ss-text n2-ow\" style=\"display:block;\">&#8211;<\/div><\/div><\/div><\/div><\/div><\/div><\/div><\/div><\/div><\/div><\/div><\/div><div data-slide-duration=\"0\" data-id=\"6\" data-slide-public-id=\"3\" aria-hidden=\"true\" data-title=\"Slide\" class=\"n2-ss-slide n2-ow  n2-ss-slide-6\"><div role=\"note\" class=\"n2-ss-slide--focus\" tabindex=\"-1\">Slide<\/div><div class=\"n2-ss-layers-container n2-ss-slide-limiter n2-ow\"><div class=\"n2-ss-layer n2-ow n-uc-MPRgXBh5DOU6\" data-sstype=\"slide\" data-pm=\"default\"><div class=\"n2-ss-layer n2-ow n-uc-7HgsMjNc3Zrr\" data-pm=\"default\" data-sstype=\"content\" data-hasbackground=\"0\"><div class=\"n2-ss-section-main-content n2-ss-layer-with-background n2-ss-layer-content n2-ow n-uc-7HgsMjNc3Zrr-inner\"><div class=\"n2-ss-layer n2-ow n2-ss-layer--block n2-ss-has-self-align n-uc-TNPNL9H1bgRt\" data-pm=\"normal\" data-sstype=\"row\"><div class=\"n2-ss-layer-row n2-ss-layer-with-background n-uc-TNPNL9H1bgRt-inner\"><div class=\"n2-ss-layer-row-inner \"><div class=\"n2-ss-layer n2-ow n-uc-VtWJ2cxrlP66\" data-pm=\"default\" data-sstype=\"col\"><div class=\"n2-ss-layer-col n2-ss-layer-with-background n2-ss-layer-content n-uc-VtWJ2cxrlP66-inner\"><div class=\"n2-ss-layer n2-ow n-uc-u3cIYfj1mbBl\" data-pm=\"normal\" data-sstype=\"layer\"><div class=\"n2-ss-item-content n2-ss-text n2-ow-all\"><div class=\"\"><p class=\"n2-font-823d304d97fef22084d18f3dc7bd8998-paragraph   \">I\u2019m glad to be writing this feedback on Oya\u2019s expertise in regards to translation services. The service offered was swift, neat, and upto the expectations!<\/p>\n<\/div><\/div><\/div><div class=\"n2-ss-layer n2-ow n-uc-qJ5028C3g1jl\" data-pm=\"normal\" data-sstype=\"layer\"><div id=\"n2-ss-3item8\" class=\"n2-font-58a65956e5237054bde87a851648a3d0-hover   n2-ss-item-content n2-ss-text n2-ow\" style=\"display:block;\">Sachin Bidari<\/div><\/div><div class=\"n2-ss-layer n2-ow n-uc-y6OeYXGaIv6s\" data-pm=\"normal\" data-sstype=\"layer\"><div id=\"n2-ss-3item9\" class=\"n2-font-3a2ae23f558c3f5a6bfba7620b83d8d6-hover   n2-ss-item-content n2-ss-text n2-ow\" style=\"display:block;\">&#8211;<\/div><\/div><\/div><\/div><\/div><\/div><\/div><\/div><\/div><\/div><\/div><\/div><div data-slide-duration=\"0\" data-id=\"7\" data-slide-public-id=\"4\" aria-hidden=\"true\" data-title=\"Slide\" class=\"n2-ss-slide n2-ow  n2-ss-slide-7\"><div role=\"note\" class=\"n2-ss-slide--focus\" tabindex=\"-1\">Slide<\/div><div class=\"n2-ss-layers-container n2-ss-slide-limiter n2-ow\"><div class=\"n2-ss-layer n2-ow n-uc-kheRoFjmehPn\" data-sstype=\"slide\" data-pm=\"default\"><div class=\"n2-ss-layer n2-ow n-uc-gww5YHTVqbUb\" data-pm=\"default\" data-sstype=\"content\" data-hasbackground=\"0\"><div class=\"n2-ss-section-main-content n2-ss-layer-with-background n2-ss-layer-content n2-ow n-uc-gww5YHTVqbUb-inner\"><div class=\"n2-ss-layer n2-ow n2-ss-layer--block n2-ss-has-self-align n-uc-GDzbjc61xl3G\" data-pm=\"normal\" data-sstype=\"row\"><div class=\"n2-ss-layer-row n2-ss-layer-with-background n-uc-GDzbjc61xl3G-inner\"><div class=\"n2-ss-layer-row-inner \"><div class=\"n2-ss-layer n2-ow n-uc-WRD5tUVBPubc\" data-pm=\"default\" data-sstype=\"col\"><div class=\"n2-ss-layer-col n2-ss-layer-with-background n2-ss-layer-content n-uc-WRD5tUVBPubc-inner\"><div class=\"n2-ss-layer n2-ow n-uc-JLUheJrYZ4Fm\" data-pm=\"normal\" data-sstype=\"layer\"><div class=\"n2-ss-item-content n2-ss-text n2-ow-all\"><div class=\"\"><p class=\"n2-font-823d304d97fef22084d18f3dc7bd8998-paragraph   \">Ich danke Frau Birel-Memege f\u00fcr Ihre zeitnahe und qualitativ hochwertige Bearbeitung. Das Preis-Leistungsverh\u00e4ltnis hat auch gestimmt. Absolute Empfehlung f\u00fcr beglaubigte \u00dcbersetzungen.<\/p>\n<\/div><\/div><\/div><div class=\"n2-ss-layer n2-ow n-uc-v2H6eeiLCeFQ\" data-pm=\"normal\" data-sstype=\"layer\"><div id=\"n2-ss-3item11\" class=\"n2-font-58a65956e5237054bde87a851648a3d0-hover   n2-ss-item-content n2-ss-text n2-ow\" style=\"display:block;\">Katrin Steinmeier<\/div><\/div><div class=\"n2-ss-layer n2-ow n-uc-esby5HjgjMww\" data-pm=\"normal\" data-sstype=\"layer\"><div id=\"n2-ss-3item12\" class=\"n2-font-3a2ae23f558c3f5a6bfba7620b83d8d6-hover   n2-ss-item-content n2-ss-text n2-ow\" style=\"display:block;\">&#8211;<\/div><\/div><\/div><\/div><\/div><\/div><\/div><\/div><\/div><\/div><\/div><\/div>                    <\/div>\n\n                                    <\/div>\n            <\/div>\n        <\/div>\n        <div class=\"n2-ss-slider-controls n2-ss-slider-controls-absolute-left-center\"><div style=\"--widget-offset:15px;\" class=\"n2-ss-widget n2-style-107cb0e4b96e295f0c4852cfc0854d07-heading nextend-arrow n2-ow-all nextend-arrow-previous  nextend-arrow-animated-fade\" data-hide-mobileportrait=\"1\" id=\"n2-ss-3-arrow-previous\" role=\"button\" aria-label=\"previous arrow\" tabindex=\"0\"><img decoding=\"async\" width=\"32\" height=\"32\" class=\"skip-lazy\" data-skip-lazy=\"1\" src=\"data:image\/svg+xml;base64,PHN2ZyB4bWxucz0iaHR0cDovL3d3dy53My5vcmcvMjAwMC9zdmciIHdpZHRoPSIzMiIgaGVpZ2h0PSIzMiIgdmlld0JveD0iMCAwIDMyIDMyIj4KICAgIDxwYXRoIGZpbGw9IiNmZmZmZmYiIG9wYWNpdHk9IjAuOCIgZmlsbC1ydWxlPSJldmVub2RkIgogICAgICAgICAgZD0iTTE4Ljk5NTggOC45OTA3YzAtLjQyNC0uMjA0LS43MjMtLjYxLS44OTgtLjQwOS0uMTczLS43NzItLjEwNC0xLjA5My4yMDlsLTcuMDA2IDYuOTc1Yy0uMjAxLjE5OS0uMjk3LjQzNy0uMjg2LjcxNiAwIC4yNjcuMDk2LjQ5OC4yODYuNjg5bDcuMDA2IDcuMDAxYy4zMjEuMzIxLjY4NC4zODkgMS4wOTMuMjA5LjQwNi0uMTc0LjYxLS40ODIuNjEtLjkyMlY4Ljk5MDd6Ii8+Cjwvc3ZnPg==\" alt=\"previous arrow\"><\/div><\/div><div class=\"n2-ss-slider-controls n2-ss-slider-controls-absolute-right-center\"><div style=\"--widget-offset:15px;\" class=\"n2-ss-widget n2-style-107cb0e4b96e295f0c4852cfc0854d07-heading nextend-arrow n2-ow-all nextend-arrow-next  nextend-arrow-animated-fade\" data-hide-mobileportrait=\"1\" id=\"n2-ss-3-arrow-next\" role=\"button\" aria-label=\"next arrow\" tabindex=\"0\"><img decoding=\"async\" width=\"32\" height=\"32\" class=\"skip-lazy\" data-skip-lazy=\"1\" src=\"data:image\/svg+xml;base64,PHN2ZyB3aWR0aD0iMzIiIGhlaWdodD0iMzIiIHZpZXdCb3g9IjAgMCAzMiAzMiIgeG1sbnM9Imh0dHA6Ly93d3cudzMub3JnLzIwMDAvc3ZnIj4KICAgIDxwYXRoIGQ9Ik0xMiA4Ljk5YzAtLjQyMy4yMDQtLjcyMi42MS0uODk3LjQwOC0uMTczLjc3Mi0uMTA0IDEuMDkyLjIxbDcuMDA2IDYuOTc0Yy4yMDIuMi4yOTguNDM3LjI4Ny43MTYgMCAuMjY3LS4wOTYuNDk4LS4yODcuNjlsLTcuMDA2IDdjLS4zMi4zMi0uNjg0LjM5LTEuMDkyLjIxLS40MDYtLjE3NS0uNjEtLjQ4My0uNjEtLjkyM1Y4Ljk5eiIKICAgICAgICAgIGZpbGw9IiNmZmZmZmYiIG9wYWNpdHk9IjAuOCIgZmlsbC1ydWxlPSJldmVub2RkIi8+Cjwvc3ZnPg==\" alt=\"next arrow\"><\/div><\/div><div class=\"n2-ss-slider-controls n2-ss-slider-controls-absolute-center-bottom\"><div style=\"--widget-offset:10px;\" class=\"n2-ss-widget n2-ss-control-bullet n2-ow-all n2-ss-control-bullet-horizontal\"><div class=\" nextend-bullet-bar n2-bar-justify-content-center\" role=\"group\" aria-label=\"Choose slide to display.\"><div class=\"n2-bullet n2-style-785355f374be86c332d4665aae819858-dot \" style=\"visibility:hidden;\"><\/div><\/div><\/div><\/div><\/div><\/div><ss3-loader><\/ss3-loader><\/div><\/div><div class=\"n2_clear\"><\/div><\/div>","protected":false},"excerpt":{"rendered":"<p>Satisfied customers are my top priority. Your satisfaction keeps me motivated. Here are some examples of satisfied customer comments.&nbsp;&nbsp; You are always welcome to enter your comments in my Google account : here You can see more client references on my Google profile. They speak clearly for themselves!<\/p>\n","protected":false},"author":1,"featured_media":1926,"parent":0,"menu_order":0,"comment_status":"closed","ping_status":"closed","template":"","meta":{"footnotes":""},"class_list":["post-505","page","type-page","status-publish","has-post-thumbnail","hentry"],"yoast_head":"<!-- This site is optimized with the Yoast SEO plugin v27.5 - https:\/\/yoast.com\/product\/yoast-seo-wordpress\/ -->\n<title>References from satisfied customers for English &amp; German translations<\/title>\n<meta name=\"description\" content=\"\u2705 References from satisfied customers regarding certified document translation. Rely on a sworn translator ?\" \/>\n<meta name=\"robots\" content=\"index, follow, max-snippet:-1, max-image-preview:large, max-video-preview:-1\" \/>\n<link rel=\"canonical\" href=\"https:\/\/englisch-uebersetzer.com\/en\/references\/\" \/>\n<meta property=\"og:locale\" content=\"en_US\" \/>\n<meta property=\"og:type\" content=\"article\" \/>\n<meta property=\"og:title\" content=\"References from satisfied customers for English &amp; German translations\" \/>\n<meta property=\"og:description\" content=\"\u2705 References from satisfied customers regarding certified document translation. Rely on a sworn translator ?\" \/>\n<meta property=\"og:url\" content=\"https:\/\/englisch-uebersetzer.com\/en\/references\/\" \/>\n<meta property=\"og:site_name\" content=\"Englisch uebersetzer\" \/>\n<meta property=\"article:modified_time\" content=\"2023-09-04T12:28:41+00:00\" \/>\n<meta property=\"og:image\" content=\"https:\/\/englisch-uebersetzer.com\/wp-content\/uploads\/2023\/09\/evaluation-feedback-customer-smiley-response-1-scaled-e1693830487635.jpg\" \/>\n\t<meta property=\"og:image:width\" content=\"2560\" \/>\n\t<meta property=\"og:image:height\" content=\"627\" \/>\n\t<meta property=\"og:image:type\" content=\"image\/jpeg\" \/>\n<meta name=\"twitter:card\" content=\"summary_large_image\" \/>\n<meta name=\"twitter:label1\" content=\"Est. reading time\" \/>\n\t<meta name=\"twitter:data1\" content=\"1 minute\" \/>\n<script type=\"application\/ld+json\" class=\"yoast-schema-graph\">{\"@context\":\"https:\\\/\\\/schema.org\",\"@graph\":[{\"@type\":\"WebPage\",\"@id\":\"https:\\\/\\\/englisch-uebersetzer.com\\\/en\\\/references\\\/\",\"url\":\"https:\\\/\\\/englisch-uebersetzer.com\\\/en\\\/references\\\/\",\"name\":\"References from satisfied customers for English & German translations\",\"isPartOf\":{\"@id\":\"https:\\\/\\\/englisch-uebersetzer.com\\\/en\\\/#website\"},\"primaryImageOfPage\":{\"@id\":\"https:\\\/\\\/englisch-uebersetzer.com\\\/en\\\/references\\\/#primaryimage\"},\"image\":{\"@id\":\"https:\\\/\\\/englisch-uebersetzer.com\\\/en\\\/references\\\/#primaryimage\"},\"thumbnailUrl\":\"https:\\\/\\\/englisch-uebersetzer.com\\\/wp-content\\\/uploads\\\/2023\\\/09\\\/evaluation-feedback-customer-smiley-response-1.jpg\",\"datePublished\":\"2021-07-07T15:39:31+00:00\",\"dateModified\":\"2023-09-04T12:28:41+00:00\",\"description\":\"\u2705 References from satisfied customers regarding certified document translation. Rely on a sworn translator ?\",\"breadcrumb\":{\"@id\":\"https:\\\/\\\/englisch-uebersetzer.com\\\/en\\\/references\\\/#breadcrumb\"},\"inLanguage\":\"en-US\",\"potentialAction\":[{\"@type\":\"ReadAction\",\"target\":[\"https:\\\/\\\/englisch-uebersetzer.com\\\/en\\\/references\\\/\"]}]},{\"@type\":\"ImageObject\",\"inLanguage\":\"en-US\",\"@id\":\"https:\\\/\\\/englisch-uebersetzer.com\\\/en\\\/references\\\/#primaryimage\",\"url\":\"https:\\\/\\\/englisch-uebersetzer.com\\\/wp-content\\\/uploads\\\/2023\\\/09\\\/evaluation-feedback-customer-smiley-response-1.jpg\",\"contentUrl\":\"https:\\\/\\\/englisch-uebersetzer.com\\\/wp-content\\\/uploads\\\/2023\\\/09\\\/evaluation-feedback-customer-smiley-response-1.jpg\",\"width\":5000,\"height\":3337},{\"@type\":\"BreadcrumbList\",\"@id\":\"https:\\\/\\\/englisch-uebersetzer.com\\\/en\\\/references\\\/#breadcrumb\",\"itemListElement\":[{\"@type\":\"ListItem\",\"position\":1,\"name\":\"Home\",\"item\":\"https:\\\/\\\/englisch-uebersetzer.com\\\/en\\\/\"},{\"@type\":\"ListItem\",\"position\":2,\"name\":\"References\"}]},{\"@type\":\"WebSite\",\"@id\":\"https:\\\/\\\/englisch-uebersetzer.com\\\/en\\\/#website\",\"url\":\"https:\\\/\\\/englisch-uebersetzer.com\\\/en\\\/\",\"name\":\"Englisch uebersetzer\",\"description\":\"Beglaubigte \u00dcbersetzungen in Englisch und Deutsch\",\"publisher\":{\"@id\":\"https:\\\/\\\/englisch-uebersetzer.com\\\/en\\\/#\\\/schema\\\/person\\\/280e94e615575fa2071de5a2ce882be8\"},\"potentialAction\":[{\"@type\":\"SearchAction\",\"target\":{\"@type\":\"EntryPoint\",\"urlTemplate\":\"https:\\\/\\\/englisch-uebersetzer.com\\\/en\\\/?s={search_term_string}\"},\"query-input\":{\"@type\":\"PropertyValueSpecification\",\"valueRequired\":true,\"valueName\":\"search_term_string\"}}],\"inLanguage\":\"en-US\"},{\"@type\":[\"Person\",\"Organization\"],\"@id\":\"https:\\\/\\\/englisch-uebersetzer.com\\\/en\\\/#\\\/schema\\\/person\\\/280e94e615575fa2071de5a2ce882be8\",\"name\":\"Oya Birel-Memege\",\"image\":{\"@type\":\"ImageObject\",\"inLanguage\":\"en-US\",\"@id\":\"https:\\\/\\\/englisch-uebersetzer.com\\\/wp-content\\\/uploads\\\/2023\\\/08\\\/TitelBild-Facebook-01.png\",\"url\":\"https:\\\/\\\/englisch-uebersetzer.com\\\/wp-content\\\/uploads\\\/2023\\\/08\\\/TitelBild-Facebook-01.png\",\"contentUrl\":\"https:\\\/\\\/englisch-uebersetzer.com\\\/wp-content\\\/uploads\\\/2023\\\/08\\\/TitelBild-Facebook-01.png\",\"width\":301,\"height\":100,\"caption\":\"Oya Birel-Memege\"},\"logo\":{\"@id\":\"https:\\\/\\\/englisch-uebersetzer.com\\\/wp-content\\\/uploads\\\/2023\\\/08\\\/TitelBild-Facebook-01.png\"}}]}<\/script>\n<!-- \/ Yoast SEO plugin. -->","yoast_head_json":{"title":"References from satisfied customers for English & German translations","description":"\u2705 References from satisfied customers regarding certified document translation. Rely on a sworn translator ?","robots":{"index":"index","follow":"follow","max-snippet":"max-snippet:-1","max-image-preview":"max-image-preview:large","max-video-preview":"max-video-preview:-1"},"canonical":"https:\/\/englisch-uebersetzer.com\/en\/references\/","og_locale":"en_US","og_type":"article","og_title":"References from satisfied customers for English & German translations","og_description":"\u2705 References from satisfied customers regarding certified document translation. Rely on a sworn translator ?","og_url":"https:\/\/englisch-uebersetzer.com\/en\/references\/","og_site_name":"Englisch uebersetzer","article_modified_time":"2023-09-04T12:28:41+00:00","og_image":[{"width":2560,"height":627,"url":"https:\/\/englisch-uebersetzer.com\/wp-content\/uploads\/2023\/09\/evaluation-feedback-customer-smiley-response-1-scaled-e1693830487635.jpg","type":"image\/jpeg"}],"twitter_card":"summary_large_image","twitter_misc":{"Est. reading time":"1 minute"},"schema":{"@context":"https:\/\/schema.org","@graph":[{"@type":"WebPage","@id":"https:\/\/englisch-uebersetzer.com\/en\/references\/","url":"https:\/\/englisch-uebersetzer.com\/en\/references\/","name":"References from satisfied customers for English & German translations","isPartOf":{"@id":"https:\/\/englisch-uebersetzer.com\/en\/#website"},"primaryImageOfPage":{"@id":"https:\/\/englisch-uebersetzer.com\/en\/references\/#primaryimage"},"image":{"@id":"https:\/\/englisch-uebersetzer.com\/en\/references\/#primaryimage"},"thumbnailUrl":"https:\/\/englisch-uebersetzer.com\/wp-content\/uploads\/2023\/09\/evaluation-feedback-customer-smiley-response-1.jpg","datePublished":"2021-07-07T15:39:31+00:00","dateModified":"2023-09-04T12:28:41+00:00","description":"\u2705 References from satisfied customers regarding certified document translation. Rely on a sworn translator ?","breadcrumb":{"@id":"https:\/\/englisch-uebersetzer.com\/en\/references\/#breadcrumb"},"inLanguage":"en-US","potentialAction":[{"@type":"ReadAction","target":["https:\/\/englisch-uebersetzer.com\/en\/references\/"]}]},{"@type":"ImageObject","inLanguage":"en-US","@id":"https:\/\/englisch-uebersetzer.com\/en\/references\/#primaryimage","url":"https:\/\/englisch-uebersetzer.com\/wp-content\/uploads\/2023\/09\/evaluation-feedback-customer-smiley-response-1.jpg","contentUrl":"https:\/\/englisch-uebersetzer.com\/wp-content\/uploads\/2023\/09\/evaluation-feedback-customer-smiley-response-1.jpg","width":5000,"height":3337},{"@type":"BreadcrumbList","@id":"https:\/\/englisch-uebersetzer.com\/en\/references\/#breadcrumb","itemListElement":[{"@type":"ListItem","position":1,"name":"Home","item":"https:\/\/englisch-uebersetzer.com\/en\/"},{"@type":"ListItem","position":2,"name":"References"}]},{"@type":"WebSite","@id":"https:\/\/englisch-uebersetzer.com\/en\/#website","url":"https:\/\/englisch-uebersetzer.com\/en\/","name":"Englisch uebersetzer","description":"Beglaubigte \u00dcbersetzungen in Englisch und Deutsch","publisher":{"@id":"https:\/\/englisch-uebersetzer.com\/en\/#\/schema\/person\/280e94e615575fa2071de5a2ce882be8"},"potentialAction":[{"@type":"SearchAction","target":{"@type":"EntryPoint","urlTemplate":"https:\/\/englisch-uebersetzer.com\/en\/?s={search_term_string}"},"query-input":{"@type":"PropertyValueSpecification","valueRequired":true,"valueName":"search_term_string"}}],"inLanguage":"en-US"},{"@type":["Person","Organization"],"@id":"https:\/\/englisch-uebersetzer.com\/en\/#\/schema\/person\/280e94e615575fa2071de5a2ce882be8","name":"Oya Birel-Memege","image":{"@type":"ImageObject","inLanguage":"en-US","@id":"https:\/\/englisch-uebersetzer.com\/wp-content\/uploads\/2023\/08\/TitelBild-Facebook-01.png","url":"https:\/\/englisch-uebersetzer.com\/wp-content\/uploads\/2023\/08\/TitelBild-Facebook-01.png","contentUrl":"https:\/\/englisch-uebersetzer.com\/wp-content\/uploads\/2023\/08\/TitelBild-Facebook-01.png","width":301,"height":100,"caption":"Oya Birel-Memege"},"logo":{"@id":"https:\/\/englisch-uebersetzer.com\/wp-content\/uploads\/2023\/08\/TitelBild-Facebook-01.png"}}]}},"_links":{"self":[{"href":"https:\/\/englisch-uebersetzer.com\/en\/wp-json\/wp\/v2\/pages\/505","targetHints":{"allow":["GET"]}}],"collection":[{"href":"https:\/\/englisch-uebersetzer.com\/en\/wp-json\/wp\/v2\/pages"}],"about":[{"href":"https:\/\/englisch-uebersetzer.com\/en\/wp-json\/wp\/v2\/types\/page"}],"author":[{"embeddable":true,"href":"https:\/\/englisch-uebersetzer.com\/en\/wp-json\/wp\/v2\/users\/1"}],"replies":[{"embeddable":true,"href":"https:\/\/englisch-uebersetzer.com\/en\/wp-json\/wp\/v2\/comments?post=505"}],"version-history":[{"count":0,"href":"https:\/\/englisch-uebersetzer.com\/en\/wp-json\/wp\/v2\/pages\/505\/revisions"}],"wp:featuredmedia":[{"embeddable":true,"href":"https:\/\/englisch-uebersetzer.com\/en\/wp-json\/wp\/v2\/media\/1926"}],"wp:attachment":[{"href":"https:\/\/englisch-uebersetzer.com\/en\/wp-json\/wp\/v2\/media?parent=505"}],"curies":[{"name":"wp","href":"https:\/\/api.w.org\/{rel}","templated":true}]}}